{"id":10,"date":"2024-12-27T15:03:17","date_gmt":"2024-12-27T14:03:17","guid":{"rendered":"https:\/\/chwilowkaszczecin.pl\/?page_id=10"},"modified":"2024-12-27T15:04:24","modified_gmt":"2024-12-27T14:04:24","slug":"elementor-10","status":"publish","type":"page","link":"https:\/\/chwilowkaszczecin.pl\/","title":{"rendered":""},"content":{"rendered":"\t\t<div data-elementor-type=\"wp-page\" data-elementor-id=\"10\" class=\"elementor elementor-10\">\n\t\t\t\t\t\t<section class=\"elementor-section elementor-top-section elementor-element elementor-element-f249545 elementor-section-boxed elementor-section-height-default elementor-section-height-default\" data-id=\"f249545\" data-element_type=\"section\">\n\t\t\t\t\t\t<div class=\"elementor-container elementor-column-gap-default\">\n\t\t\t\t\t<div class=\"elementor-column elementor-col-100 elementor-top-column elementor-element elementor-element-063aada\" data-id=\"063aada\" data-element_type=\"column\">\n\t\t\t<div class=\"elementor-widget-wrap elementor-element-populated\">\n\t\t\t\t\t\t<div class=\"elementor-element elementor-element-6dc3efb elementor-widget elementor-widget-heading\" data-id=\"6dc3efb\" data-element_type=\"widget\" data-widget_type=\"heading.default\">\n\t\t\t\t<div class=\"elementor-widget-container\">\n\t\t\t\t\t<h2 class=\"elementor-heading-title elementor-size-default\">Drzwi Wewn\u0119trzne Przylgowe \u2013 Zalety, Wady i Kluczowe Informacje<\/h2>\t\t\t\t<\/div>\n\t\t\t\t<\/div>\n\t\t\t\t<div class=\"elementor-element elementor-element-b1be5ca elementor-widget elementor-widget-text-editor\" data-id=\"b1be5ca\" data-element_type=\"widget\" data-widget_type=\"text-editor.default\">\n\t\t\t\t<div class=\"elementor-widget-container\">\n\t\t\t\t\t\t\t\t\t<p data-pm-slice=\"1 1 []\">Drzwi wewn\u0119trzne stanowi\u0105 nieod\u0142\u0105czny element ka\u017cdego wn\u0119trza. S\u0105 one nie tylko funkcjonalnym elementem oddzielaj\u0105cym pomieszczenia, ale tak\u017ce wa\u017cnym elementem dekoracyjnym. W \u015bwiecie aran\u017cacji wn\u0119trz drzwi przylgowe ciesz\u0105 si\u0119 nies\u0142abn\u0105c\u0105 popularno\u015bci\u0105. W niniejszym artykule przyjrzymy si\u0119 ich charakterystyce, wska\u017cem zar\u00f3wno zalety, jak i wady, oraz podpowiemy, kiedy warto je wybra\u0107. Dowiesz si\u0119 r\u00f3wnie\u017c, jak zadba\u0107 o ich odpowiedni wygl\u0105d i funkcjonalno\u015b\u0107 przez lata u\u017cytkowania.<\/p>\t\t\t\t\t\t\t\t<\/div>\n\t\t\t\t<\/div>\n\t\t\t\t<div class=\"elementor-element elementor-element-e01b0c6 elementor-widget elementor-widget-heading\" data-id=\"e01b0c6\" data-element_type=\"widget\" data-widget_type=\"heading.default\">\n\t\t\t\t<div class=\"elementor-widget-container\">\n\t\t\t\t\t<h3 class=\"elementor-heading-title elementor-size-default\">Co to s\u0105 drzwi przylgowe?<\/h3>\t\t\t\t<\/div>\n\t\t\t\t<\/div>\n\t\t\t\t<div class=\"elementor-element elementor-element-0eb6d75 elementor-widget elementor-widget-text-editor\" data-id=\"0eb6d75\" data-element_type=\"widget\" data-widget_type=\"text-editor.default\">\n\t\t\t\t<div class=\"elementor-widget-container\">\n\t\t\t\t\t\t\t\t\t<p data-pm-slice=\"1 1 []\">Drzwi przylgowe wyr\u00f3\u017cniaj\u0105 si\u0119 specyficznym profilem kraw\u0119dzi skrzyd\u0142a, kt\u00f3re zachodzi na o\u015bcie\u017cnic\u0119, tworzy przylg\u0119. Ta konstrukcja zapewnia charakterystyczny wygl\u0105d, w kt\u00f3rym skrzyd\u0142o nie licuje si\u0119 z o\u015bcie\u017cnic\u0105, lecz nieco wystaje. Jest to tradycyjne rozwi\u0105zanie, popularne zar\u00f3wno w mieszkaniach, jak i domach jednorodzinnych.<\/p>\t\t\t\t\t\t\t\t<\/div>\n\t\t\t\t<\/div>\n\t\t\t\t<div class=\"elementor-element elementor-element-eee90db elementor-widget elementor-widget-text-editor\" data-id=\"eee90db\" data-element_type=\"widget\" data-widget_type=\"text-editor.default\">\n\t\t\t\t<div class=\"elementor-widget-container\">\n\t\t\t\t\t\t\t\t\t<p data-pm-slice=\"1 1 []\">Ich charakterystyczna konstrukcja sprawia, \u017ce od lat s\u0105 wybierane zar\u00f3wno do wn\u0119trz mieszkalnych, jak i komercyjnych. W\u0142a\u015bciciele dom\u00f3w doceniaj\u0105 je za ich dekoracyjny wygl\u0105d, natomiast w budynkach u\u017cyteczno\u015bci publicznej stosowane s\u0105 ze wzgl\u0119du na solidno\u015b\u0107 i \u0142atwo\u015b\u0107 konserwacji.<\/p>\t\t\t\t\t\t\t\t<\/div>\n\t\t\t\t<\/div>\n\t\t\t\t\t<\/div>\n\t\t<\/div>\n\t\t\t\t\t<\/div>\n\t\t<\/section>\n\t\t\t\t<section class=\"elementor-section elementor-top-section elementor-element elementor-element-5185270 elementor-section-boxed elementor-section-height-default elementor-section-height-default\" data-id=\"5185270\" data-element_type=\"section\">\n\t\t\t\t\t\t<div class=\"elementor-container elementor-column-gap-default\">\n\t\t\t\t\t<div class=\"elementor-column elementor-col-33 elementor-top-column elementor-element elementor-element-e316d6b\" data-id=\"e316d6b\" data-element_type=\"column\">\n\t\t\t<div class=\"elementor-widget-wrap elementor-element-populated\">\n\t\t\t\t\t\t<div class=\"elementor-element elementor-element-d3bd9f5 elementor-widget elementor-widget-heading\" data-id=\"d3bd9f5\" data-element_type=\"widget\" data-widget_type=\"heading.default\">\n\t\t\t\t<div class=\"elementor-widget-container\">\n\t\t\t\t\t<h3 class=\"elementor-heading-title elementor-size-default\">Wady drzwi przylgowych<\/h3>\t\t\t\t<\/div>\n\t\t\t\t<\/div>\n\t\t\t\t<div class=\"elementor-element elementor-element-d979943 elementor-widget elementor-widget-text-editor\" data-id=\"d979943\" data-element_type=\"widget\" data-widget_type=\"text-editor.default\">\n\t\t\t\t<div class=\"elementor-widget-container\">\n\t\t\t\t\t\t\t\t\t<ol start=\"1\" data-spread=\"true\" data-pm-slice=\"3 5 []\"><li><p><strong>Mniej nowoczesny wygl\u0105d<\/strong><\/p><ul data-spread=\"false\"><li><p>W por\u00f3wnaniu do drzwi bezprzylgowych, modele przylgowe mog\u0105 wydawa\u0107 si\u0119 mniej minimalistyczne. Dlatego nie zawsze sprawdzaj\u0105 si\u0119 w nowoczesnych, industrialnych lub skandynawskich wn\u0119trzach. Dla mi\u0142o\u015bnik\u00f3w prostych form lepszym wyborem mog\u0105 by\u0107 modele bezprzylgowe.<\/p><\/li><\/ul><\/li><li><p><strong>Mniejsza szczelno\u015b\u0107 w por\u00f3wnaniu do bezprzylgowych<\/strong><\/p><ul data-spread=\"false\"><li><p>Chocia\u017c drzwi przylgowe skutecznie wyg\u0142uszaj\u0105 d\u017awi\u0119ki, to ich szczelno\u015b\u0107 mo\u017ce by\u0107 nieco gorsza, szczeg\u00f3lnie w przypadku starszych modeli. Warto zwr\u00f3ci\u0107 uwag\u0119 na jako\u015b\u0107 wykonania i odpowiednie uszczelki podczas zakupu.<\/p><\/li><\/ul><\/li><li><p><strong>Wi\u0119ksze ryzyko uszkodze\u0144 kraw\u0119dzi<\/strong><\/p><ul data-spread=\"false\"><li><p>Wystaj\u0105ca przylga jest bardziej nara\u017cona na mechaniczne uszkodzenia, takie jak obicia czy zadrapania, zw\u0142aszcza w intensywnie u\u017cytkowanych pomieszczeniach. Ochronne nak\u0142adki mog\u0105 pom\u00f3c zminimalizowa\u0107 to ryzyko.<\/p><\/li><\/ul><\/li><li><p><strong>Wymagana dba\u0142o\u015b\u0107 o zawiasy<\/strong><\/p><ul data-spread=\"false\"><li><p>Drzwi przylgowe wymagaj\u0105 regularnej konserwacji zawias\u00f3w, aby zapewni\u0107 ich prawid\u0142owe funkcjonowanie i unikn\u0105\u0107 luz\u00f3w. Zaniedbanie tego aspektu mo\u017ce prowadzi\u0107 do problem\u00f3w z domykaniem drzwi.<\/p><\/li><\/ul><\/li><\/ol>\t\t\t\t\t\t\t\t<\/div>\n\t\t\t\t<\/div>\n\t\t\t\t\t<\/div>\n\t\t<\/div>\n\t\t\t\t<div class=\"elementor-column elementor-col-66 elementor-top-column elementor-element elementor-element-cda9be5\" data-id=\"cda9be5\" data-element_type=\"column\">\n\t\t\t<div class=\"elementor-widget-wrap elementor-element-populated\">\n\t\t\t\t\t\t<div class=\"elementor-element elementor-element-1013079 elementor-widget elementor-widget-heading\" data-id=\"1013079\" data-element_type=\"widget\" data-widget_type=\"heading.default\">\n\t\t\t\t<div class=\"elementor-widget-container\">\n\t\t\t\t\t<h3 class=\"elementor-heading-title elementor-size-default\">Zalety drzwi przylgowych<\/h3>\t\t\t\t<\/div>\n\t\t\t\t<\/div>\n\t\t\t\t<div class=\"elementor-element elementor-element-a441ca7 elementor-widget__width-initial elementor-widget elementor-widget-text-editor\" data-id=\"a441ca7\" data-element_type=\"widget\" data-widget_type=\"text-editor.default\">\n\t\t\t\t<div class=\"elementor-widget-container\">\n\t\t\t\t\t\t\t\t\t<ol start=\"1\" data-spread=\"true\" data-pm-slice=\"3 5 []\"><li><p><strong>Estetyka i tradycja<\/strong><\/p><ul data-spread=\"false\"><li><p><a href=\"http:\/\/sklep-internet.pl\">Drzwi przylgowe<\/a> nadaj\u0105 wn\u0119trzom klasyczny wygl\u0105d. S\u0105 idealnym wyborem do pomieszcze\u0144 urz\u0105dzonych w stylu tradycyjnym, rustykalnym czy retro. Przylga dodaje drzwiom dekoracyjno\u015bci i wizualnej g\u0142\u0119bi. Warto doda\u0107, \u017ce dzi\u0119ki r\u00f3\u017cnorodno\u015bci wzor\u00f3w i kolor\u00f3w mo\u017cna je z \u0142atwo\u015bci\u0105 dopasowa\u0107 do indywidualnego charakteru ka\u017cdego pomieszczenia.<\/p><\/li><\/ul><\/li><li><p><strong>Dobra izolacyjno\u015b\u0107 akustyczna<\/strong><\/p><ul data-spread=\"false\"><li><p>Konstrukcja drzwi przylgowych skuteczniej wyg\u0142usza d\u017awi\u0119ki ni\u017c modele bezprzylgowe. Dzi\u0119ki temu sprawdzaj\u0105 si\u0119 w sypialniach, gabinetach czy pokojach dzieci\u0119cych, gdzie komfort akustyczny jest szczeg\u00f3lnie wa\u017cny. Odpowiednia izolacja d\u017awi\u0119kowa wp\u0142ywa r\u00f3wnie\u017c na poczucie prywatno\u015bci i intymno\u015bci w domu.<\/p><\/li><\/ul><\/li><li><p><strong>Szerszy wyb\u00f3r wzor\u00f3w i kolor\u00f3w<\/strong><\/p><ul data-spread=\"false\"><li><p>Na rynku dost\u0119pnych jest wiele modeli drzwi przylgowych, co pozwala dopasowa\u0107 je do ka\u017cdego wn\u0119trza. R\u00f3\u017cnorodno\u015b\u0107 obejmuje nie tylko materia\u0142y, ale tak\u017ce wyko\u0144czenia, takie jak malowanie, okleiny czy fornir. W ostatnich latach popularno\u015b\u0107 zyskuj\u0105 drzwi z naturalnymi wzorami drewna, kt\u00f3re podkre\u015blaj\u0105 ciep\u0142o i przytulno\u015b\u0107 wn\u0119trza.<\/p><\/li><\/ul><\/li><li><p><strong>Prostota monta\u017cu<\/strong><\/p><ul data-spread=\"false\"><li><p>Ze wzgl\u0119du na przylg\u0119 drzwi tego typu \u0142atwiej dopasowa\u0107 do o\u015bcie\u017cnicy, co skraca czas monta\u017cu i obni\u017ca jego koszt. W wielu przypadkach mo\u017cliwe jest samodzielne ich zainstalowanie, co jest dodatkowym atutem dla os\u00f3b chc\u0105cych zaoszcz\u0119dzi\u0107 na us\u0142ugach specjalistycznych.<\/p><\/li><\/ul><\/li><li><p><strong>Mo\u017cliwo\u015b\u0107 \u0142atwiejszej naprawy<\/strong><\/p><ul data-spread=\"false\"><li><p>W razie uszkodze\u0144 drzwi przylgowe s\u0105 \u0142atwiejsze do naprawy, gdy\u017c ich konstrukcja pozwala na wymian\u0119 pojedynczych element\u00f3w, np. zawias\u00f3w. Warto wspomnie\u0107, \u017ce naprawa takich drzwi cz\u0119sto jest bardziej op\u0142acalna ni\u017c wymiana ca\u0142ego skrzyd\u0142a.<\/p><\/li><\/ul><\/li><\/ol>\t\t\t\t\t\t\t\t<\/div>\n\t\t\t\t<\/div>\n\t\t\t\t\t<\/div>\n\t\t<\/div>\n\t\t\t\t\t<\/div>\n\t\t<\/section>\n\t\t\t\t<section class=\"elementor-section elementor-top-section elementor-element elementor-element-6eba861 elementor-section-boxed elementor-section-height-default elementor-section-height-default\" data-id=\"6eba861\" data-element_type=\"section\">\n\t\t\t\t\t\t<div class=\"elementor-container elementor-column-gap-default\">\n\t\t\t\t\t<div class=\"elementor-column elementor-col-100 elementor-top-column elementor-element elementor-element-ce3fee8\" data-id=\"ce3fee8\" data-element_type=\"column\">\n\t\t\t<div class=\"elementor-widget-wrap elementor-element-populated\">\n\t\t\t\t\t\t<div class=\"elementor-element elementor-element-a9e37a2 elementor-widget elementor-widget-heading\" data-id=\"a9e37a2\" data-element_type=\"widget\" data-widget_type=\"heading.default\">\n\t\t\t\t<div class=\"elementor-widget-container\">\n\t\t\t\t\t<h3 class=\"elementor-heading-title elementor-size-default\">Kiedy warto wybra\u0107 drzwi przylgowe?<\/h3>\t\t\t\t<\/div>\n\t\t\t\t<\/div>\n\t\t\t\t<div class=\"elementor-element elementor-element-73f29ac elementor-widget elementor-widget-text-editor\" data-id=\"73f29ac\" data-element_type=\"widget\" data-widget_type=\"text-editor.default\">\n\t\t\t\t<div class=\"elementor-widget-container\">\n\t\t\t\t\t\t\t\t\t<ol start=\"1\" data-spread=\"true\" data-pm-slice=\"3 5 []\"><li><p><strong>Do wn\u0119trz klasycznych<\/strong><\/p><ul data-spread=\"false\"><li><p>Drzwi przylgowe \u015bwietnie komponuj\u0105 si\u0119 z wn\u0119trzami urz\u0105dzonymi w stylu klasycznym, glamour czy rustykalnym. Ich dekoracyjny charakter mo\u017ce stanowi\u0107 ciekawe uzupe\u0142nienie aran\u017cacji. S\u0105 tak\u017ce cz\u0119sto wybierane do zabytkowych budynk\u00f3w, gdzie konieczne jest zachowanie stylu architektonicznego.<\/p><\/li><\/ul><\/li><li><p><strong>W przypadku ograniczonego bud\u017cetu<\/strong><\/p><ul data-spread=\"false\"><li><p>Ze wzgl\u0119du na stosunkowo niski koszt zakupu i monta\u017cu, drzwi przylgowe s\u0105 doskona\u0142ym wyborem dla os\u00f3b poszukuj\u0105cych ekonomicznych rozwi\u0105za\u0144. Wielu producent\u00f3w oferuje modele, kt\u00f3re \u0142\u0105cz\u0105 przyst\u0119pn\u0105 cen\u0119 z dobr\u0105 jako\u015bci\u0105.<\/p><\/li><\/ul><\/li><li><p><strong>Do pomieszcze\u0144 o podwy\u017cszonych wymaganiach akustycznych<\/strong><\/p><ul data-spread=\"false\"><li><p>Je\u015bli zale\u017cy nam na ciszy i spokoju, drzwi przylgowe mog\u0105 by\u0107 skuteczniejszym wyborem ni\u017c bezprzylgowe. Dotyczy to szczeg\u00f3lnie mieszka\u0144 w blokach, gdzie izolacja d\u017awi\u0119kowa odgrywa kluczow\u0105 rol\u0119.<\/p><\/li><\/ul><\/li><li><p><strong>W domach z dzie\u0107mi<\/strong><\/p><ul data-spread=\"false\"><li><p>Drzwi przylgowe cz\u0119sto maj\u0105 bardziej wytrzyma\u0142\u0105 konstrukcj\u0119, co mo\u017ce by\u0107 istotne w domach, gdzie drzwi s\u0105 intensywnie eksploatowane. Ponadto dost\u0119pne s\u0105 modele z dodatkowymi zabezpieczeniami, kt\u00f3re zapobiegaj\u0105 przypadkowemu przytrza\u015bni\u0119ciu palc\u00f3w.<\/p><\/li><\/ul><\/li><\/ol>\t\t\t\t\t\t\t\t<\/div>\n\t\t\t\t<\/div>\n\t\t\t\t\t<\/div>\n\t\t<\/div>\n\t\t\t\t\t<\/div>\n\t\t<\/section>\n\t\t\t\t<section class=\"elementor-section elementor-top-section elementor-element elementor-element-4cbc25d elementor-section-boxed elementor-section-height-default elementor-section-height-default\" data-id=\"4cbc25d\" data-element_type=\"section\">\n\t\t\t\t\t\t<div class=\"elementor-container elementor-column-gap-default\">\n\t\t\t\t\t<div class=\"elementor-column elementor-col-100 elementor-top-column elementor-element elementor-element-bab65b0\" data-id=\"bab65b0\" data-element_type=\"column\">\n\t\t\t<div class=\"elementor-widget-wrap elementor-element-populated\">\n\t\t\t\t\t\t<div class=\"elementor-element elementor-element-21a1109 elementor-widget elementor-widget-heading\" data-id=\"21a1109\" data-element_type=\"widget\" data-widget_type=\"heading.default\">\n\t\t\t\t<div class=\"elementor-widget-container\">\n\t\t\t\t\t<h3 class=\"elementor-heading-title elementor-size-default\">Jak dba\u0107 o drzwi przylgowe?<\/h3>\t\t\t\t<\/div>\n\t\t\t\t<\/div>\n\t\t\t\t<div class=\"elementor-element elementor-element-0bebcd5 elementor-widget elementor-widget-text-editor\" data-id=\"0bebcd5\" data-element_type=\"widget\" data-widget_type=\"text-editor.default\">\n\t\t\t\t<div class=\"elementor-widget-container\">\n\t\t\t\t\t\t\t\t\t<ol start=\"1\" data-spread=\"true\" data-pm-slice=\"3 5 []\"><li><p><strong>Regularne czyszczenie<\/strong><\/p><ul data-spread=\"false\"><li><p>Drzwi nale\u017cy przeciera\u0107 delikatn\u0105 \u015bciereczk\u0105 z \u015brodkiem czyszcz\u0105cym odpowiednim do materia\u0142u, z kt\u00f3rego s\u0105 wykonane. Unikaj \u015brodk\u00f3w o silnym dzia\u0142aniu chemicznym, kt\u00f3re mog\u0105 uszkodzi\u0107 powierzchni\u0119.<\/p><\/li><\/ul><\/li><li><p><strong>Konserwacja zawias\u00f3w<\/strong><\/p><ul data-spread=\"false\"><li><p>Co kilka miesi\u0119cy warto sprawdzi\u0107 stan zawias\u00f3w i ewentualnie je nasmarowa\u0107, aby unikn\u0105\u0107 skrzypienia. W przypadku intensywnego u\u017cytkowania zaleca si\u0119 cz\u0119stsz\u0105 kontrol\u0119.<\/p><\/li><\/ul><\/li><li><p><strong>Unikanie wilgoci<\/strong><\/p><ul data-spread=\"false\"><li><p>Drzwi przylgowe, szczeg\u00f3lnie wykonane z drewna, powinny by\u0107 chronione przed nadmiern\u0105 wilgoci\u0105, kt\u00f3ra mo\u017ce powodowa\u0107 wypaczanie. W \u0142azienkach i kuchniach warto stosowa\u0107 specjalne pow\u0142oki ochronne.<\/p><\/li><\/ul><\/li><li><p><strong>Okresowe malowanie lub lakierowanie<\/strong><\/p><ul data-spread=\"false\"><li><p>W celu od\u015bwie\u017cenia wygl\u0105du drzwi warto co kilka lat na\u0142o\u017cy\u0107 now\u0105 warstw\u0119 farby lub lakieru. Dzi\u0119ki temu b\u0119d\u0105 wygl\u0105da\u0142y jak nowe i zachowaj\u0105 swoje w\u0142a\u015bciwo\u015bci.<\/p><\/li><\/ul><\/li><\/ol>\t\t\t\t\t\t\t\t<\/div>\n\t\t\t\t<\/div>\n\t\t\t\t\t<\/div>\n\t\t<\/div>\n\t\t\t\t\t<\/div>\n\t\t<\/section>\n\t\t\t\t<\/div>\n\t\t","protected":false},"excerpt":{"rendered":"<p>Drzwi Wewn\u0119trzne Przylgowe \u2013 Zalety, Wady i Kluczowe Informacje Drzwi wewn\u0119trzne stanowi\u0105 nieod\u0142\u0105czny element ka\u017cdego wn\u0119trza. S\u0105 one nie tylko funkcjonalnym elementem oddzielaj\u0105cym pomieszczenia, ale tak\u017ce wa\u017cnym elementem dekoracyjnym. W \u015bwiecie aran\u017cacji wn\u0119trz drzwi przylgowe ciesz\u0105 si\u0119 nies\u0142abn\u0105c\u0105 popularno\u015bci\u0105. W niniejszym artykule przyjrzymy si\u0119 ich charakterystyce, wska\u017cem zar\u00f3wno zalety, jak i wady, oraz podpowiemy, kiedy&hellip;<\/p>\n<p class=\"more\"><a class=\"more-link\" href=\"https:\/\/chwilowkaszczecin.pl\/\">Continue reading<\/a><\/p>\n","protected":false},"author":1,"featured_media":0,"parent":0,"menu_order":0,"comment_status":"closed","ping_status":"closed","template":"","meta":{"footnotes":""},"class_list":["post-10","page","type-page","status-publish","hentry","entry"],"_links":{"self":[{"href":"https:\/\/chwilowkaszczecin.pl\/index.php?rest_route=\/wp\/v2\/pages\/10","targetHints":{"allow":["GET"]}}],"collection":[{"href":"https:\/\/chwilowkaszczecin.pl\/index.php?rest_route=\/wp\/v2\/pages"}],"about":[{"href":"https:\/\/chwilowkaszczecin.pl\/index.php?rest_route=\/wp\/v2\/types\/page"}],"author":[{"embeddable":true,"href":"https:\/\/chwilowkaszczecin.pl\/index.php?rest_route=\/wp\/v2\/users\/1"}],"replies":[{"embeddable":true,"href":"https:\/\/chwilowkaszczecin.pl\/index.php?rest_route=%2Fwp%2Fv2%2Fcomments&post=10"}],"version-history":[{"count":4,"href":"https:\/\/chwilowkaszczecin.pl\/index.php?rest_route=\/wp\/v2\/pages\/10\/revisions"}],"predecessor-version":[{"id":14,"href":"https:\/\/chwilowkaszczecin.pl\/index.php?rest_route=\/wp\/v2\/pages\/10\/revisions\/14"}],"wp:attachment":[{"href":"https:\/\/chwilowkaszczecin.pl\/index.php?rest_route=%2Fwp%2Fv2%2Fmedia&parent=10"}],"curies":[{"name":"wp","href":"https:\/\/api.w.org\/{rel}","templated":true}]}}